{"id":13,"date":"2021-05-14T14:05:47","date_gmt":"2021-05-14T12:05:47","guid":{"rendered":"https:\/\/sportkulacs.hu\/?page_id=13"},"modified":"2021-05-29T15:39:26","modified_gmt":"2021-05-29T13:39:26","slug":"egyeb-szolgaltatasok","status":"publish","type":"page","link":"https:\/\/sportkulacs.hu\/index.php\/egyeb-szolgaltatasok\/","title":{"rendered":"Egy\u00e9b szolg\u00e1ltat\u00e1sok"},"content":{"rendered":"<h1 style=\"text-align: center;\">Egy\u00e9b szolg\u00e1ltat\u00e1saink<\/h1>\n<h3>HENGERES T\u00c1RGYAK SZIT\u00c1Z\u00c1SA TRANSZFERNYOM\u00c1SA<\/h3>\n<p>Tollt\u00f3l a szemetes kuk\u00e1ig, poh\u00e1rt\u00f3l a boros\u00fcvegig minden fajta hengeres t\u00e1rgy szit\u00e1z\u00e1sa.<\/p>\n<h3>P\u00d3L\u00d3K, RUHANEM\u0170K SZIT\u00c1Z\u00c1SA, TRANSZFERNYOM\u00c1SA<\/h3>\n<h3>REKL\u00c1M ZACSK\u00d3K NYOM\u00c1SA<\/h3>\n<p>Minden m\u00e9ret\u0171 \u00e9s sz\u00edn\u0171 rekl\u00e1m zacsk\u00f3k \u00e9s szatyrok k\u00e9sz\u00edt\u00e9se egyedi grafik\u00e1val.<\/p>\n<h3>KI\u00c1LL\u00cdT\u00c1S SZERVEZ\u00c9S \u00c9S KIVITELEZ\u00c9S<\/h3>\n<p>Ki\u00e1ll\u00edt\u00e1si standok szervez\u00e9se \u00e9s kivitelez\u00e9se egyedi, SIMA vagy OKTANORM install\u00e1ci\u00f3b\u00f3l.<\/p>\n","protected":false},"excerpt":{"rendered":"<p>Egy\u00e9b szolg\u00e1ltat\u00e1saink HENGERES T\u00c1RGYAK SZIT\u00c1Z\u00c1SA TRANSZFERNYOM\u00c1SA Tollt\u00f3l a szemetes kuk\u00e1ig, poh\u00e1rt\u00f3l a boros\u00fcvegig minden fajta hengeres t\u00e1rgy szit\u00e1z\u00e1sa. P\u00d3L\u00d3K, RUHANEM\u0170K SZIT\u00c1Z\u00c1SA, TRANSZFERNYOM\u00c1SA REKL\u00c1M ZACSK\u00d3K NYOM\u00c1SA Minden m\u00e9ret\u0171 \u00e9s sz\u00edn\u0171 rekl\u00e1m zacsk\u00f3k \u00e9s szatyrok k\u00e9sz\u00edt\u00e9se egyedi grafik\u00e1val. KI\u00c1LL\u00cdT\u00c1S SZERVEZ\u00c9S \u00c9S KIVITELEZ\u00c9S Ki\u00e1ll\u00edt\u00e1si standok szervez\u00e9se \u00e9s kivitelez\u00e9se egyedi, SIMA vagy OKTANORM install\u00e1ci\u00f3b\u00f3l.<\/p>\n","protected":false},"author":1,"featured_media":0,"parent":0,"menu_order":0,"comment_status":"closed","ping_status":"closed","template":"","meta":{"footnotes":""},"class_list":["post-13","page","type-page","status-publish","hentry"],"_links":{"self":[{"href":"https:\/\/sportkulacs.hu\/index.php\/wp-json\/wp\/v2\/pages\/13","targetHints":{"allow":["GET"]}}],"collection":[{"href":"https:\/\/sportkulacs.hu\/index.php\/wp-json\/wp\/v2\/pages"}],"about":[{"href":"https:\/\/sportkulacs.hu\/index.php\/wp-json\/wp\/v2\/types\/page"}],"author":[{"embeddable":true,"href":"https:\/\/sportkulacs.hu\/index.php\/wp-json\/wp\/v2\/users\/1"}],"replies":[{"embeddable":true,"href":"https:\/\/sportkulacs.hu\/index.php\/wp-json\/wp\/v2\/comments?post=13"}],"version-history":[{"count":3,"href":"https:\/\/sportkulacs.hu\/index.php\/wp-json\/wp\/v2\/pages\/13\/revisions"}],"predecessor-version":[{"id":127,"href":"https:\/\/sportkulacs.hu\/index.php\/wp-json\/wp\/v2\/pages\/13\/revisions\/127"}],"wp:attachment":[{"href":"https:\/\/sportkulacs.hu\/index.php\/wp-json\/wp\/v2\/media?parent=13"}],"curies":[{"name":"wp","href":"https:\/\/api.w.org\/{rel}","templated":true}]}}