{"id":17,"date":"2021-05-14T14:08:46","date_gmt":"2021-05-14T12:08:46","guid":{"rendered":"https:\/\/sportkulacs.hu\/?page_id=17"},"modified":"2021-07-09T17:19:30","modified_gmt":"2021-07-09T15:19:30","slug":"fooldal","status":"publish","type":"page","link":"https:\/\/sportkulacs.hu\/","title":{"rendered":"F\u0151oldal"},"content":{"rendered":"<div class=\"col col-2 vc\">\n<div>\n<h1><span style=\"color: #46b1ff;\">EGYEDI MINT\u00c1K<\/span><\/h1>\n<h3>Val\u00f3s\u00edtsa meg elk\u00e9pzel\u00e9s\u00e9t!<\/h3>\n<p>T\u00f6bb mint 30 f\u00e9le kupak, \u00e9s szinte v\u00e9gtelen sz\u00e1m\u00fa palack sz\u00edn k\u00f6z\u00fcl v\u00e1laszthat<br \/>\nEgyedi mint\u00e1hoz t\u00f6ltse le a palackra vonatkoz\u00f3 tervez\u00e9si seg\u00e9dletet<\/p>\n<\/div>\n<div><img loading=\"lazy\" decoding=\"async\" class=\"alignnone wp-image-198 size-full\" src=\"https:\/\/sportkulacs.hu\/wp-content\/uploads\/2021\/07\/kulacsok.jpg\" alt=\"sportkulacs.hu\" width=\"1600\" height=\"1080\" srcset=\"https:\/\/sportkulacs.hu\/wp-content\/uploads\/2021\/07\/kulacsok.jpg 1600w, https:\/\/sportkulacs.hu\/wp-content\/uploads\/2021\/07\/kulacsok-300x203.jpg 300w, https:\/\/sportkulacs.hu\/wp-content\/uploads\/2021\/07\/kulacsok-1024x691.jpg 1024w, https:\/\/sportkulacs.hu\/wp-content\/uploads\/2021\/07\/kulacsok-768x518.jpg 768w, https:\/\/sportkulacs.hu\/wp-content\/uploads\/2021\/07\/kulacsok-1536x1037.jpg 1536w\" sizes=\"auto, (max-width: 1600px) 100vw, 1600px\" \/><\/div>\n<\/div>\n","protected":false},"excerpt":{"rendered":"<p>EGYEDI MINT\u00c1K Val\u00f3s\u00edtsa meg elk\u00e9pzel\u00e9s\u00e9t! T\u00f6bb mint 30 f\u00e9le kupak, \u00e9s szinte v\u00e9gtelen sz\u00e1m\u00fa palack sz\u00edn k\u00f6z\u00fcl v\u00e1laszthat Egyedi mint\u00e1hoz t\u00f6ltse le a palackra vonatkoz\u00f3 tervez\u00e9si seg\u00e9dletet<\/p>\n","protected":false},"author":1,"featured_media":0,"parent":0,"menu_order":0,"comment_status":"closed","ping_status":"closed","template":"","meta":{"footnotes":""},"class_list":["post-17","page","type-page","status-publish","hentry"],"_links":{"self":[{"href":"https:\/\/sportkulacs.hu\/index.php\/wp-json\/wp\/v2\/pages\/17","targetHints":{"allow":["GET"]}}],"collection":[{"href":"https:\/\/sportkulacs.hu\/index.php\/wp-json\/wp\/v2\/pages"}],"about":[{"href":"https:\/\/sportkulacs.hu\/index.php\/wp-json\/wp\/v2\/types\/page"}],"author":[{"embeddable":true,"href":"https:\/\/sportkulacs.hu\/index.php\/wp-json\/wp\/v2\/users\/1"}],"replies":[{"embeddable":true,"href":"https:\/\/sportkulacs.hu\/index.php\/wp-json\/wp\/v2\/comments?post=17"}],"version-history":[{"count":6,"href":"https:\/\/sportkulacs.hu\/index.php\/wp-json\/wp\/v2\/pages\/17\/revisions"}],"predecessor-version":[{"id":199,"href":"https:\/\/sportkulacs.hu\/index.php\/wp-json\/wp\/v2\/pages\/17\/revisions\/199"}],"wp:attachment":[{"href":"https:\/\/sportkulacs.hu\/index.php\/wp-json\/wp\/v2\/media?parent=17"}],"curies":[{"name":"wp","href":"https:\/\/api.w.org\/{rel}","templated":true}]}}